{"id":1728,"date":"2020-06-21T17:35:04","date_gmt":"2020-06-21T15:35:04","guid":{"rendered":"https:\/\/www.galsila.it\/site\/?page_id=1728"},"modified":"2020-06-21T18:08:08","modified_gmt":"2020-06-21T16:08:08","slug":"verde-sila","status":"publish","type":"page","link":"https:\/\/www.galsila.it\/site\/verde-sila\/","title":{"rendered":"Verde Sila"},"content":{"rendered":"ngg_shortcode_0_placeholder\n<p><span style=\"color: #008000;\"><strong>COME ADOTTARE TINAGLIELLA<\/strong><\/span><\/p>\n<p>Con 50 \u20ac per un mese contribuirai al suo benessere e alla sua salute con alimenti di qualit\u00e0 e pascoli migliori. Tinagliella ti ricambier\u00e0 della tua generosit\u00e0 donandoti i seguenti prodotti del suo latte:<\/p>\n<ul>\n<li><strong>Caciocavallo 1,2 Kg<\/strong><\/li>\n<li><strong>Formaggio primo sale 1 Kg<\/strong><\/li>\n<li><strong>Butirro 300 g<\/strong><\/li>\n<li><strong>Maialino 300 g<\/strong><\/li>\n<li><strong>Elefantino 300 g<\/strong><\/li>\n<li><strong>Ricotta al forno 300 g<\/strong><\/li>\n<li><strong>Ricotta fresca 200 g<\/strong><\/li>\n<\/ul>\n<p><span style=\"color: #008000;\"><strong>CONSEGNA DEI PRODOTTI<\/strong><\/span>:<\/p>\n<p>CONSEGNA GRATUITA NEL TERRITORIO DEL GAL SILA&nbsp; (<a href=\"https:\/\/www.galsila.it\/site\/category\/comuni\/\">Elenco<\/a>) E AREA URBANA COSENZA<\/p>\n<p>NEL TERRITORIO REGIONALE LA CONSEGNA HA UN COSTO DI 8 \u20ac<\/p>\n<p>FUORI REGIONE LA CONSEGNA HA UN COSTO DI 15 \u20ac<\/p>\n<p><span style=\"color: #008000;\"><strong>PAGAMENTO:<\/strong><\/span><\/p>\n<p>BONIFICO BANCARIO<\/p>\n<p>IBAN: It27o0303280880010000007737<\/p>\n<h3><span style=\"color: #ff6600;\"><strong>Per chi adotta per tre mesi, ulteriore sconto del 10%<\/strong><\/span><\/h3>\n<h2>Per info e contatti<\/h2>\n<p><span style=\"color: #008000;\"><strong>Email: bioverdesila@gmail.com<\/strong><\/span><br \/>\n<span style=\"color: #008000;\"><strong>Telefono: 331 934 7550<\/strong><\/span><\/p>\n<p>&nbsp;<\/p>\n","protected":false},"excerpt":{"rendered":"<p>&nbsp; COME ADOTTARE TINAGLIELLA Con 50 \u20ac per un mese contribuirai al suo benessere e alla sua salute con alimenti di qualit\u00e0 e pascoli migliori. Tinagliella ti ricambier\u00e0 della tua [&hellip;]<\/p>\n","protected":false},"author":1,"featured_media":1734,"parent":0,"menu_order":0,"comment_status":"closed","ping_status":"closed","template":"","meta":{"_mo_disable_npp":"","ngg_post_thumbnail":0,"_themeisle_gutenberg_block_has_review":false,"footnotes":""},"class_list":["post-1728","page","type-page","status-publish","has-post-thumbnail","hentry"],"publishpress_future_action":{"enabled":false,"date":"2026-05-04 01:47:25","action":"change-status","newStatus":"draft","terms":[],"taxonomy":"","extraData":[]},"publishpress_future_workflow_manual_trigger":{"enabledWorkflows":[]},"_links":{"self":[{"href":"https:\/\/www.galsila.it\/site\/wp-json\/wp\/v2\/pages\/1728","targetHints":{"allow":["GET"]}}],"collection":[{"href":"https:\/\/www.galsila.it\/site\/wp-json\/wp\/v2\/pages"}],"about":[{"href":"https:\/\/www.galsila.it\/site\/wp-json\/wp\/v2\/types\/page"}],"author":[{"embeddable":true,"href":"https:\/\/www.galsila.it\/site\/wp-json\/wp\/v2\/users\/1"}],"replies":[{"embeddable":true,"href":"https:\/\/www.galsila.it\/site\/wp-json\/wp\/v2\/comments?post=1728"}],"version-history":[{"count":1,"href":"https:\/\/www.galsila.it\/site\/wp-json\/wp\/v2\/pages\/1728\/revisions"}],"predecessor-version":[{"id":1731,"href":"https:\/\/www.galsila.it\/site\/wp-json\/wp\/v2\/pages\/1728\/revisions\/1731"}],"wp:featuredmedia":[{"embeddable":true,"href":"https:\/\/www.galsila.it\/site\/wp-json\/wp\/v2\/media\/1734"}],"wp:attachment":[{"href":"https:\/\/www.galsila.it\/site\/wp-json\/wp\/v2\/media?parent=1728"}],"curies":[{"name":"wp","href":"https:\/\/api.w.org\/{rel}","templated":true}]}}