{"id":3861,"date":"2022-04-07T13:49:08","date_gmt":"2022-04-07T11:49:08","guid":{"rendered":"https:\/\/www.galsila.it\/site\/?page_id=3861"},"modified":"2022-04-07T13:49:11","modified_gmt":"2022-04-07T11:49:11","slug":"il-progetto-pilota-del-patto-territoriale-silano","status":"publish","type":"page","link":"https:\/\/www.galsila.it\/site\/il-progetto-pilota-del-patto-territoriale-silano\/","title":{"rendered":"Il Progetto Pilota del Patto Territoriale Silano"},"content":{"rendered":"\n<p><\/p>\n\n\n\n<figure class=\"wp-block-image size-full\"><img loading=\"lazy\" decoding=\"async\" width=\"1004\" height=\"622\" src=\"https:\/\/www.galsila.it\/site\/wp-content\/uploads\/2022\/04\/pattoterr.png\" alt=\"\" class=\"wp-image-3835\" srcset=\"https:\/\/www.galsila.it\/site\/wp-content\/uploads\/2022\/04\/pattoterr.png 1004w, https:\/\/www.galsila.it\/site\/wp-content\/uploads\/2022\/04\/pattoterr-300x186.png 300w, https:\/\/www.galsila.it\/site\/wp-content\/uploads\/2022\/04\/pattoterr-768x476.png 768w\" sizes=\"auto, (max-width: 1004px) 100vw, 1004px\" \/><\/figure>\n\n\n\n<p>Con Decreto del 30 novembre 2020 il Ministero dello Sviluppo Economico ha approvato i criteri per la ripartizione e il trasferimento delle risorse residue dei patti territoriali da utilizzare per il finanziamento di progetti volti allo sviluppo del tessuto imprenditoriale territoriale, anche mediante la sperimentazione di servizi innovativi a supporto delle imprese.<\/p>\n\n\n\n<p>In attuazione delle disposizioni del suddetto decreto in data 28.09.2021 \u00e8 stato pubblicato sulla gazzetta ufficiale il Decreto Direttoriale del MISE del 30.07.2021, che definisce le modalit\u00e0 e i termini di presentazione delle domande di assegnazione dei contributi per la realizzazione di progetti pilota.<\/p>\n\n\n\n<p>Il Decreto definisce, altres\u00ec, il soggetto gestore dell\u2019intervento, gli indicatori di valutazione per ciascuno dei criteri di valutazione previsti per la selezione dei progetti pilota, le condizioni e le soglie minime di ammissibilit\u00e0 e gli ulteriori elementi utili per l\u2019attuazione dell\u2019intervento agevolativo,<\/p>\n\n\n\n<p>anche con riferimento alle modalit\u00e0 di preselezione, da parte dei soggetti responsabili, dei singoli interventi che costituiscono il progetto pilota e alla definizione dei relativi costi ammissibili e agevolazioni concedibili.<\/p>\n\n\n\n<p>Potevano presentare domanda di assegnazione dei contributi i soggetti responsabili di Patti territoriali ancora operativi che, alla data di presentazione della domanda:<\/p>\n\n\n\n<p>a) dispongono di una sede localizzata nell\u2019area di intervento del Patto territoriale;<\/p>\n\n\n\n<p>b) non sono destinatari di un ordine di recupero pendente per effetto di una precedente decisione del Ministero e sono in regola con la restituzione di somme dovute in relazione a provvedimenti di revoca&nbsp; di agevolazioni concesse dal Ministero; In caso di soggetti privati dovevanoo possedere requisiti stabili nell\u2019art. 5, comma 2, del DD 30 luglio 2021;<\/p>\n\n\n\n<p>Sila Sviluppo Scarl, quale Soggetto Responsabile del Patto Territoriale Silano negli anni 2002\/2008, ed Agenzia di Sviluppo locale del territorio Silano e Pre-Silano, anche in virt\u00f9 della sua funzione di Gruppo di Azione Locale a valere della misura 19 del Psr Calabria 2014-2020, possiede tutti i requisiti previsti dal bando&nbsp; emanato dal MISE per l\u2019assegnazione di risorse da destinare allo sviluppo del tessuto imprenditoriale locale, in quanto ha dimostrato capacit\u00e0 operativa di carattere continuativo nell\u2019ambito della gestione dei Patti Territoriali e di altre iniziative ad essi assimilabili, mantenendo e garantendo nel tempo la propria capacit\u00e0 operativa.<\/p>\n\n\n\n<p>Con delibera del CdA del 19.10.2021 si \u00e8 stabilito di partecipare al Bando del Mise con la presenza di un progetto pilota contenente progetti pubblici e privati preselezionati con un avviso pubblico sulla base delle seguenti tematiche corrispondenti alle vocazioni territoriali:<\/p>\n\n\n\n<p>1. valorizzazione delle risorse naturali, culturali e del turismo sostenibile<\/p>\n\n\n\n<p>2. competitivit\u00e0 del sistema produttivo, in relazione alle potenzialit\u00e0 di sviluppo economico dell\u2019area interessata;<\/p>\n\n\n\n<p>L\u2019ambito territoriale del progetto pilota \u00e8 quello dei comuni che sottoscrissero il Patto territoriale silano ovvero 20 comuni dell0rea silana e presilana.<\/p>\n\n\n\n<p>Tenendo conto delle pregresse esperienze di programmazione negoziata e di progettazione territoriale integrata nell\u2019area di riferimento del Patto Territoriale Silano (PT, PIT, PSL, PISL, PLL, PAL, Distretto Turistico, Distretto del Cibo), attraverso la definizione del Progetto Pilota <strong><em>Sila Outdoor, un\u2019esperienza autentica tra natura, storia ed enogastronomia<\/em><\/strong>, si intende sperimentare un modello di gestione dell\u2019offerta turistica di tipo innovativo ed integrato, valorizzando e rafforzando, in una logica di sistema e distrettuale, il prodotto turistico territoriale, e cio\u00e8 tutti gli elementi della filiera del turismo slow e sostenibile (ospitalit\u00e0 turistica, risorse ambientali e paesaggistiche, sport invernali ed attivit\u00e0\/sport \u201coutdoor\u201d, patrimonio storico-culturale a stretto contenuto di ruralit\u00e0, patrimonio enogastronomico e prodotti agricoli\/zootecnici ed alimentari di qualit\u00e0 e di nicchia, artigianato dei prodotti locali tipici).<\/p>\n\n\n\n<p>Obiettivo del progetto pilota \u00e8 promuovere il turismo attivo e responsabile nell\u2019area del Patto Territoriale Silano, consolidando la Sila come destinazione per il turismo slow ed outdoor, attraverso il rafforzamento della governance di settore, la sensibilizzazione delle comunit\u00e0 locali e la qualificazione dell\u2019offerta di servizi in un\u2019ottica di sostenibilit\u00e0.<\/p>\n\n\n\n<p>Durante e dopo la pubblicazione del bando la struttura tecnica del Gal coordinata dal Direttore ha lavorato intensamente alla redazione degli elaborati di progetto, formulario e studio di fattibilit\u00e0. Un Progetto di di circa 14 milioni di euro, di cui 10.000,000 di contributo pubblico, che racchiude 23 progetti pubblici e privati, tra loro coerenti, selezionati sulla base di una procedura pubblica aperta e trasparente.<\/p>\n\n\n\n<p>Sono state acquisite diverse lettere di adesione e supporto al progetto da parte di molti enti pubblici e privati che sicuramento rafforzano e qualificano gli obiettivi strategici del Progetto-<\/p>\n\n\n\n<p>\ud83d\udd3b<a href=\"https:\/\/secure.gedigest.com\/gscloud\/index.php\/s\/LqLjn5Xj8exLHPP\" target=\"_blank\" rel=\"noreferrer noopener\">Consulta la documentazione<\/a><\/p>\n","protected":false},"excerpt":{"rendered":"<p>Con Decreto del 30 novembre 2020 il Ministero dello Sviluppo Economico ha approvato i criteri per la ripartizione e il trasferimento delle risorse residue dei patti territoriali da utilizzare per [&hellip;]<\/p>\n","protected":false},"author":1,"featured_media":0,"parent":0,"menu_order":0,"comment_status":"closed","ping_status":"closed","template":"","meta":{"_mo_disable_npp":"","ngg_post_thumbnail":0,"_themeisle_gutenberg_block_has_review":false,"footnotes":""},"class_list":["post-3861","page","type-page","status-publish","hentry"],"publishpress_future_action":{"enabled":false,"date":"2026-04-21 20:29:02","action":"change-status","newStatus":"draft","terms":[],"taxonomy":"","extraData":[]},"publishpress_future_workflow_manual_trigger":{"enabledWorkflows":[]},"_links":{"self":[{"href":"https:\/\/www.galsila.it\/site\/wp-json\/wp\/v2\/pages\/3861","targetHints":{"allow":["GET"]}}],"collection":[{"href":"https:\/\/www.galsila.it\/site\/wp-json\/wp\/v2\/pages"}],"about":[{"href":"https:\/\/www.galsila.it\/site\/wp-json\/wp\/v2\/types\/page"}],"author":[{"embeddable":true,"href":"https:\/\/www.galsila.it\/site\/wp-json\/wp\/v2\/users\/1"}],"replies":[{"embeddable":true,"href":"https:\/\/www.galsila.it\/site\/wp-json\/wp\/v2\/comments?post=3861"}],"version-history":[{"count":1,"href":"https:\/\/www.galsila.it\/site\/wp-json\/wp\/v2\/pages\/3861\/revisions"}],"predecessor-version":[{"id":3863,"href":"https:\/\/www.galsila.it\/site\/wp-json\/wp\/v2\/pages\/3861\/revisions\/3863"}],"wp:attachment":[{"href":"https:\/\/www.galsila.it\/site\/wp-json\/wp\/v2\/media?parent=3861"}],"curies":[{"name":"wp","href":"https:\/\/api.w.org\/{rel}","templated":true}]}}