{"id":477,"date":"2018-07-22T07:53:58","date_gmt":"2018-07-22T05:53:58","guid":{"rendered":"https:\/\/galsilanotifiche.fcwebsolution.it\/?page_id=477"},"modified":"2020-11-17T13:09:51","modified_gmt":"2020-11-17T12:09:51","slug":"consiglio-di-amministrazione","status":"publish","type":"page","link":"https:\/\/www.galsila.it\/site\/consiglio-di-amministrazione\/","title":{"rendered":"Consiglio di Amministrazione"},"content":{"rendered":"<p style=\"font-weight: 400;\">Il CDA del Gal Sila Sviluppo \u00e8 composto da massimo n. 13 membri, di cui la maggioranza (n. 7) in rappresentanza di interessi privati. N\u00e9 le autorit\u00e0 pubbliche n\u00e9 alcun singolo gruppo di interesse rappresentano pi\u00f9 del 49% degli aventi diritto al voto .<\/p>\n<p>&nbsp;<\/p>\n<p style=\"font-style: inherit; font-weight: inherit;\"><strong><span style=\"font-style: inherit; color: #3366ff;\">Candelise Antonio &nbsp;&nbsp;&nbsp;&nbsp;&nbsp;&nbsp;&nbsp; (Presidente, Comune San Giovanni in Fiore)&nbsp;<\/span><\/strong><\/p>\n<p style=\"font-style: inherit; font-weight: inherit;\"><span style=\"font-style: inherit; font-weight: inherit;\">ABBRUZZESE Vincenzo&nbsp; &nbsp; (AIAB Calabria)<\/span><\/p>\n<p style=\"font-style: inherit; font-weight: inherit;\"><span style=\"font-style: inherit; font-weight: inherit;\">BENEVENTO Alfonso&nbsp; &nbsp; &nbsp; &nbsp; (Comuni della Sila Greca)&nbsp;&nbsp;<\/span><\/p>\n<p style=\"font-style: inherit; font-weight: inherit;\"><span style=\"font-style: inherit; font-weight: inherit;\">DE DONATO Marco&nbsp;&nbsp;&nbsp; &nbsp;&nbsp;&nbsp;&nbsp;&nbsp;&nbsp;&nbsp;(Comuni della Presila)&nbsp; <\/span><\/p>\n<p style=\"font-style: inherit; font-weight: inherit;\"><span style=\"font-style: inherit; font-weight: inherit;\">DE SANTO Dino&nbsp; &nbsp; &nbsp; &nbsp; &nbsp; &nbsp; &nbsp; &nbsp; &nbsp; (Confesercenti Cosenza)<\/span><\/p>\n<p style=\"font-style: inherit; font-weight: inherit;\"><span style=\"font-style: inherit; font-weight: inherit;\">GRANATA Paola&nbsp; &nbsp; &nbsp; &nbsp; &nbsp; &nbsp; &nbsp; &nbsp; &nbsp;(Confagricoltura Cosenza)&nbsp; &nbsp;<\/span><\/p>\n<p style=\"font-style: inherit; font-weight: inherit;\"><span style=\"font-style: inherit; font-weight: inherit;\">GRILLO Mario&nbsp; &nbsp; &nbsp; &nbsp; &nbsp; &nbsp; &nbsp; &nbsp; &nbsp; &nbsp; (CIA Calabria Nord) <\/span><\/p>\n<p style=\"font-style: inherit; font-weight: inherit;\"><span style=\"font-style: inherit; font-weight: inherit;\">LE PERA Giacinto&nbsp; &nbsp; &nbsp; &nbsp; &nbsp; &nbsp; &nbsp; (Comune di Acri)<\/span><\/p>\n<p style=\"font-style: inherit; font-weight: inherit;\"><span style=\"font-style: inherit; font-weight: inherit;\">LO CELSO William&nbsp; &nbsp; &nbsp; &nbsp; &nbsp; &nbsp; (Confcommercio Cosenza)&nbsp; &nbsp; &nbsp; &nbsp; &nbsp; &nbsp; &nbsp; &nbsp; &nbsp; &nbsp; &nbsp; &nbsp; &nbsp; &nbsp; &nbsp; &nbsp; &nbsp; &nbsp;<\/span><\/p>\n<p style=\"font-style: inherit; font-weight: inherit;\"><span style=\"font-style: inherit; font-weight: inherit;\">CARELLI Barbara&nbsp; &nbsp; &nbsp; &nbsp; &nbsp; &nbsp; &nbsp; (Parco della Sila)&nbsp;&nbsp;&nbsp;&nbsp; &nbsp;&nbsp;<\/span><\/p>\n<p style=\"font-style: inherit; font-weight: inherit;\"><span style=\"font-style: inherit; font-weight: inherit;\">MANNA Marcello&nbsp; &nbsp; &nbsp; &nbsp; &nbsp; &nbsp; &nbsp; &nbsp;(Comune di Rende)<\/span><\/p>\n<p><span style=\"font-style: inherit; font-weight: inherit;\">SCRIVANO Sandro&nbsp;&nbsp;&nbsp;&nbsp;&nbsp;&nbsp;&nbsp;&nbsp;&nbsp;&nbsp;&nbsp;&nbsp;(Conosorzio tutela patata della sila Igp)<\/span><\/p>\n<p><span style=\"font-style: inherit; font-weight: inherit;\">TARASI Pietro&nbsp; &nbsp; &nbsp; &nbsp; &nbsp; &nbsp; &nbsp; &nbsp; &nbsp; &nbsp; (Coldiretti Cosenza)<\/span><\/p>\n<p style=\"font-style: inherit; font-weight: inherit;\"><span style=\"font-style: inherit; font-weight: inherit;\">&nbsp;<\/span><\/p>\n<p><strong style=\"font-weight: inherit; font-style: inherit;\">*Il CDA dura in carica tre anni e pu\u00f2 essere riconfermato<\/strong><\/p>\n","protected":false},"excerpt":{"rendered":"<p>Il CDA del Gal Sila Sviluppo \u00e8 composto da massimo n. 13 membri, di cui la maggioranza (n. 7) in rappresentanza di interessi privati. N\u00e9 le autorit\u00e0 pubbliche n\u00e9 alcun [&hellip;]<\/p>\n","protected":false},"author":1,"featured_media":294,"parent":0,"menu_order":0,"comment_status":"closed","ping_status":"closed","template":"","meta":{"_mo_disable_npp":"","ngg_post_thumbnail":0,"_themeisle_gutenberg_block_has_review":false,"footnotes":""},"class_list":["post-477","page","type-page","status-publish","has-post-thumbnail","hentry"],"publishpress_future_action":{"enabled":false,"date":"2026-04-21 20:24:32","action":"change-status","newStatus":"draft","terms":[],"taxonomy":"","extraData":[]},"publishpress_future_workflow_manual_trigger":{"enabledWorkflows":[]},"_links":{"self":[{"href":"https:\/\/www.galsila.it\/site\/wp-json\/wp\/v2\/pages\/477","targetHints":{"allow":["GET"]}}],"collection":[{"href":"https:\/\/www.galsila.it\/site\/wp-json\/wp\/v2\/pages"}],"about":[{"href":"https:\/\/www.galsila.it\/site\/wp-json\/wp\/v2\/types\/page"}],"author":[{"embeddable":true,"href":"https:\/\/www.galsila.it\/site\/wp-json\/wp\/v2\/users\/1"}],"replies":[{"embeddable":true,"href":"https:\/\/www.galsila.it\/site\/wp-json\/wp\/v2\/comments?post=477"}],"version-history":[{"count":9,"href":"https:\/\/www.galsila.it\/site\/wp-json\/wp\/v2\/pages\/477\/revisions"}],"predecessor-version":[{"id":1872,"href":"https:\/\/www.galsila.it\/site\/wp-json\/wp\/v2\/pages\/477\/revisions\/1872"}],"wp:featuredmedia":[{"embeddable":true,"href":"https:\/\/www.galsila.it\/site\/wp-json\/wp\/v2\/media\/294"}],"wp:attachment":[{"href":"https:\/\/www.galsila.it\/site\/wp-json\/wp\/v2\/media?parent=477"}],"curies":[{"name":"wp","href":"https:\/\/api.w.org\/{rel}","templated":true}]}}