{"id":4771,"date":"2023-09-15T11:38:29","date_gmt":"2023-09-15T09:38:29","guid":{"rendered":"https:\/\/www.galsila.it\/site\/?page_id=4771"},"modified":"2024-05-08T15:50:33","modified_gmt":"2024-05-08T13:50:33","slug":"4771-2","status":"publish","type":"page","link":"https:\/\/www.galsila.it\/site\/4771-2\/","title":{"rendered":"Strategia di Sviluppo Locale 2023 -2027"},"content":{"rendered":"\n<div style=\"height:100px\" aria-hidden=\"true\" class=\"wp-block-spacer\"><\/div>\n\n\n\n<p>La Regione Calabria con Decreto Dirigenziale n. 12555 del 07\/09\/2023 ha approvato l\u2019avviso pubblico dell\u2019Intervento Leader \u2013 \u201cSupporto preparatorio SRG05\u201d e \u2013 \u201cAttuazione strategie di sviluppo locale SRG06\u201d del Programma Strategico della PAC 2023\/2027;<\/p>\n\n\n\n<p>Gli <a>interventi SRG05 e SRG06 <\/a>del Piano strategico della Pac 2023-2027 sostengono l\u2019attuazione in Calabria della \u201cStrategia LEADER\u201d descritta nel capitolo 8 del Complemento di programmazione per lo sviluppo rurale del Piano strategico della PAC (CSR 2023-2027) approvato con Delibera di Giunta n. 738 del 28 dicembre 2022.<\/p>\n\n\n\n<p>Lo sviluppo locale di tipo partecipativo Leader, normato dal Reg. (UE) 2021\/2115 Articolo 77 e Reg. (UE) 2021\/1060 Artt. 31-34 come recepiti nel PSP e nel CSR assume un ruolo strategico nel favorire la vitalit\u00e0 delle zone rurali e contrastare fenomeni di spopolamento, povert\u00e0 e degrado ambientale ed \u00e8 attuato dai Gruppi di Azione Locale (GAL) attraverso la definizione di Strategie di Sviluppo Locale (SSL) e dei relativi Piani di Azione locale (PdA).<\/p>\n\n\n\n<p>Il programma Leader \u00e8 attuato attraverso strategie territoriali di sviluppo locale (SSL) integrate e multisettoriali, intese come un insieme coerente di operazioni che tiene conto dei bisogni e delle potenzialit\u00e0 locali e comprendente elementi innovativi nel contesto locale, attivit\u00e0 di creazione di reti e, se del caso, di cooperazione.<\/p>\n\n\n\n<p>Nell&#8217;ambito degli interventi SRG 05 e SRG06 \u00e8 importante favorire la costituzione e il rafforzamento dei partenariati locali, capaci di implementare piani e progetti integrati di sviluppo socio-economico e territoriale, costruiti intorno a temi legati alle identit\u00e0, ai valori, ai bisogni delle imprese e delle persone e alle risorse di ogni territorio, che vedano la partecipazione attiva degli attori locali, in grado di dare un contributo allo sviluppo equilibrato e sostenibile.<\/p>\n\n\n\n<p>la Regione Calabria con Delibera di Giunta n. 356 del 21 luglio 2023 ha provveduto a confermare le 13 aree territoriali con esperienza Leader nel PSR 2014-2022 anche al fine di valorizzare l\u2019esperienza comune realizzata nel periodo di programmazione 2014-2022 e tenendo in considerazione, inoltre, gli elementi collegati a parametri di omogeneit\u00e0 e coerenza geografica, sociale, economica che caratterizzano i territori delimita;<\/p>\n\n\n\n<p>Nell\u2019attuale periodo di programmazione 2014\/2022 il territorio dell\u2019area Sila \u00e8 beneficiario della misura 19 &#8211; approccio Leader, CLLD del Psr Calabria 2014\/2022, attraverso l\u2019attuazione del Piano di Azione Locale \u201cAltopiano Silano, Distretto del turismo sostenibile\u201d, approvato e finanziato dalla Regione Calabria.<\/p>\n\n\n\n<p>Il <strong>Gal Sila Sviluppo<\/strong>, quale soggetto responsabile dell\u2019attuazione del Piano di azione locale nella logica della continuit\u00e0, ha avviato u<strong>n\u2019azione di animazione e concertazione tra gli attori pubblici e privati del territorio<\/strong>, finalizzato alla elaborazione e presentazione di una strategia di sviluppo locale in attuazione degli interventi SRG05 e SRG06 del Piano strategico della Pac 2023-2027 e del Complemento di programmazione per lo sviluppo rurale (CSR) della Regione Calabria:<\/p>\n\n\n\n<p>Pertanto, si chiede a tutti i soggetti pubblici e privato interessati di aderire alla Strategia di Sviluppo Locale promossa dal Gal Sila Sviluppo attraverso la <strong>manifestazione di interesse<\/strong> onde avviare la fase concertativa e programmatoria di individuazione delle esigenze prioritari e degli obiettivi che si intendono perseguire.&nbsp;<\/p>\n\n\n\n<p><a href=\"https:\/\/www.galsila.it\/site\/wp-content\/uploads\/2023\/10\/Presentazione-SSL.pdf\" target=\"_blank\" rel=\"noreferrer noopener\"><strong>BROCHURE<\/strong> <strong>PRESENTAZIONE<\/strong><\/a><\/p>\n\n\n\n<p><strong><a rel=\"noreferrer noopener\" href=\"https:\/\/www.galsila.it\/site\/wp-content\/uploads\/2023\/09\/AVVISO-PUBBLICO-ADESIONE-PARTENARIATO-GAL-SILA-SVILUPPO.pdf\" target=\"_blank\">SCARICA AVVISO<\/a><\/strong>\u00a0\u00a0\u00a0\u00a0\u00a0<\/p>\n\n\n\n<p><strong><a href=\"https:\/\/www.galsila.it\/site\/2023\/09\/avviso-pubblico-manifestazione-di-interesse-ad-aderire-al-partenariato-promosso-dal-galsila-sviluppo-per-lelaborazione-della-strategia-di-sviluppo-locale-a-valere-sugliinterventi-srg05-e-srg0\/\" target=\"_blank\" rel=\"noreferrer noopener\">MANIFESTAZIONE DI INTERESSE ENTI PUBBLICI E PRIVATI<\/a><\/strong>&nbsp;<\/p>\n\n\n\n<p><strong><a rel=\"noreferrer noopener\" href=\"https:\/\/forms.gle\/vbHMMwx45jdW2pfeA\" target=\"_blank\">QUESTIONARIO<\/a><\/strong><\/p>\n\n\n\n<p><\/p>\n","protected":false},"excerpt":{"rendered":"<p>La Regione Calabria con Decreto Dirigenziale n. 12555 del 07\/09\/2023 ha approvato l\u2019avviso pubblico dell\u2019Intervento Leader \u2013 \u201cSupporto preparatorio SRG05\u201d e \u2013 \u201cAttuazione strategie di sviluppo locale SRG06\u201d del Programma [&hellip;]<\/p>\n","protected":false},"author":1,"featured_media":4764,"parent":0,"menu_order":0,"comment_status":"closed","ping_status":"closed","template":"","meta":{"_mo_disable_npp":"","ngg_post_thumbnail":0,"_themeisle_gutenberg_block_has_review":false,"footnotes":""},"class_list":["post-4771","page","type-page","status-publish","has-post-thumbnail","hentry"],"publishpress_future_action":{"enabled":false,"date":"2026-05-09 15:44:26","action":"change-status","newStatus":"draft","terms":[],"taxonomy":"","extraData":[]},"publishpress_future_workflow_manual_trigger":{"enabledWorkflows":[]},"_links":{"self":[{"href":"https:\/\/www.galsila.it\/site\/wp-json\/wp\/v2\/pages\/4771","targetHints":{"allow":["GET"]}}],"collection":[{"href":"https:\/\/www.galsila.it\/site\/wp-json\/wp\/v2\/pages"}],"about":[{"href":"https:\/\/www.galsila.it\/site\/wp-json\/wp\/v2\/types\/page"}],"author":[{"embeddable":true,"href":"https:\/\/www.galsila.it\/site\/wp-json\/wp\/v2\/users\/1"}],"replies":[{"embeddable":true,"href":"https:\/\/www.galsila.it\/site\/wp-json\/wp\/v2\/comments?post=4771"}],"version-history":[{"count":9,"href":"https:\/\/www.galsila.it\/site\/wp-json\/wp\/v2\/pages\/4771\/revisions"}],"predecessor-version":[{"id":4920,"href":"https:\/\/www.galsila.it\/site\/wp-json\/wp\/v2\/pages\/4771\/revisions\/4920"}],"wp:featuredmedia":[{"embeddable":true,"href":"https:\/\/www.galsila.it\/site\/wp-json\/wp\/v2\/media\/4764"}],"wp:attachment":[{"href":"https:\/\/www.galsila.it\/site\/wp-json\/wp\/v2\/media?parent=4771"}],"curies":[{"name":"wp","href":"https:\/\/api.w.org\/{rel}","templated":true}]}}